{"id":34,"date":"2021-03-06T03:47:22","date_gmt":"2021-03-06T03:47:22","guid":{"rendered":"https:\/\/elpirquen.cl\/wp\/?page_id=34"},"modified":"2024-02-09T01:20:37","modified_gmt":"2024-02-09T01:20:37","slug":"inicio","status":"publish","type":"page","link":"https:\/\/elpirquen.cl\/wp\/","title":{"rendered":"Inicio"},"content":{"rendered":"\t\t<div data-elementor-type=\"wp-page\" data-elementor-id=\"34\" class=\"elementor elementor-34\">\n\t\t\t\t\t\t<section class=\"elementor-section elementor-top-section elementor-element elementor-element-79907cae elementor-section-boxed elementor-section-height-default elementor-section-height-default\" data-id=\"79907cae\" data-element_type=\"section\" data-e-type=\"section\">\n\t\t\t\t\t\t<div class=\"elementor-container elementor-column-gap-default\">\n\t\t\t\t\t<div class=\"elementor-column elementor-col-100 elementor-top-column elementor-element elementor-element-70980ff3\" data-id=\"70980ff3\" data-element_type=\"column\" data-e-type=\"column\">\n\t\t\t<div class=\"elementor-widget-wrap elementor-element-populated\">\n\t\t\t\t\t\t<div class=\"elementor-element elementor-element-6e69a37c elementor-widget elementor-widget-text-editor\" data-id=\"6e69a37c\" data-element_type=\"widget\" data-e-type=\"widget\" data-widget_type=\"text-editor.default\">\n\t\t\t\t<div class=\"elementor-widget-container\">\n\t\t\t\t\t\t\t\t\t<p><\/p>\n<div class=\"wp-block-cover alignfull is-light\" style=\"min-height: 700px;aspect-ratio:unset;\">\n<p><img fetchpriority=\"high\" decoding=\"async\" width=\"1300\" height=\"700\" class=\"wp-block-cover__image-background wp-image-148\" style=\"object-position: 51% 60%;\" src=\"https:\/\/elpirquen.cl\/wp\/wp-content\/uploads\/2021\/03\/Tamaya_2.png\" alt=\"\" data-object-fit=\"cover\" data-object-position=\"51% 60%\"><\/p>\n<div class=\"wp-block-cover__inner-container is-layout-flow wp-block-cover-is-layout-flow\">\n<p><\/p>\n<div class=\"wp-block-group\"><div class=\"wp-block-group__inner-container is-layout-flow wp-block-group-is-layout-flow\">\n<p><\/p>\n<div class=\"wp-block-group\"><div class=\"wp-block-group__inner-container is-layout-flow wp-block-group-is-layout-flow\">\n<p><\/p>\n<div class=\"wp-block-columns is-layout-flex wp-container-core-columns-is-layout-9d6595d7 wp-block-columns-is-layout-flex\">\n<p><\/p>\n<div class=\"wp-block-column is-layout-flow wp-block-column-is-layout-flow\" style=\"flex-basis: 50%;\">\n<p><\/p>\n<p class=\"has-neve-link-color-color has-text-color\" style=\"font-size: 24px;\"><strong>Bienvenidos y bienvenidas a El Pirqu\u00e9n<\/strong><\/p>\n<p><\/p>\n<\/div>\n<p><\/p>\n<div class=\"wp-block-column is-layout-flow wp-block-column-is-layout-flow\" style=\"flex-basis: 50%;\">\n<p><\/p>\n<p><\/p>\n<\/div>\n<p><\/p>\n<\/div>\n<p><\/p>\n<\/div><\/div>\n<p><\/p>\n<\/div><\/div>\n<p><\/p>\n<div class=\"wp-block-spacer\" style=\"height: 133px;\" aria-hidden=\"true\">&nbsp;<\/div>\n<p><\/p>\n<div class=\"wp-block-spacer\" style=\"height: 80px;\" aria-hidden=\"true\">&nbsp;<\/div>\n<p><\/p>\n<div class=\"wp-block-spacer\" style=\"height: 80px;\" aria-hidden=\"true\">&nbsp;<\/div>\n<p><\/p>\n<\/div>\n<\/div>\n<p><\/p>\n<div class=\"wp-block-spacer\" style=\"height: 80px;\" aria-hidden=\"true\">&nbsp;<\/div>\n<p><\/p>\n<div class=\"wp-block-columns is-layout-flex wp-container-core-columns-is-layout-9d6595d7 wp-block-columns-is-layout-flex\">\n<p><\/p>\n<div class=\"wp-block-column is-layout-flow wp-block-column-is-layout-flow\" style=\"flex-basis: 30%;\">&nbsp;<\/div>\n<p><\/p>\n<div class=\"wp-block-column is-layout-flow wp-block-column-is-layout-flow\" style=\"flex-basis: 70%;\">&nbsp;<\/div>\n<p><\/p>\n<\/div>\n<p><\/p>\n<p><span style=\"color: #000000;\">Este espacio est\u00e1 abierto a toda la comunidad y tiene por objetivo <span style=\"color: #9c1006;\"><strong>difundir el patrimonio material e inmaterial de la Regi\u00f3n de Coquimbo<\/strong><\/span>, con \u00e9nfasis en la Provincia del Limar\u00ed. Aqu\u00ed encontrar\u00e1s:<\/span><\/p>\n<p><\/p>\n<div class=\"wp-block-spacer\" style=\"height: 100px;\" aria-hidden=\"true\">&nbsp;<\/div>\n<p><\/p>\n<div class=\"wp-block-column is-layout-flow wp-block-column-is-layout-flow\">\n<p><\/p>\n<div class=\"wp-block-image icon-style is-style-default\">\n<figure class=\"aligncenter size-large is-resized\"><a href=\"https:\/\/elpirquen.cl\/wp\/documentos\/\"><img decoding=\"async\" class=\"wp-image-360\" src=\"https:\/\/elpirquen.cl\/wp\/wp-content\/uploads\/2021\/04\/Documentos-03.svg\" alt=\"\" width=\"150\" height=\"150\"><\/a><\/figure>\n<\/div>\n<p><\/p>\n<h3 class=\"has-text-align-center has-neve-text-color-color has-text-color wp-block-heading\"><a href=\"https:\/\/elpirquen.cl\/wp\/documentos\/\" data-wplink-url-error=\"true\"><span style=\"color: #9c1006;\">Documentos<\/span><\/a><\/h3>\n<p><\/p>\n<p class=\"has-text-align-center\"><span style=\"color: #000000;\">Archivos hist\u00f3ricos del siglo XIX y XX pertenecientes a distintos repositorios que construyen el pasado regional.<\/span><\/p>\n<\/div>\n<\/div>\n<p><\/p>\t\t\t\t\t\t\t\t<\/div>\n\t\t\t\t<\/div>\n\t\t\t\t\t<\/div>\n\t\t<\/div>\n\t\t\t\t\t<\/div>\n\t\t<\/section>\n\t\t\t\t<section class=\"elementor-section elementor-top-section elementor-element elementor-element-76b6037 elementor-section-boxed elementor-section-height-default elementor-section-height-default\" data-id=\"76b6037\" data-element_type=\"section\" data-e-type=\"section\">\n\t\t\t\t\t\t<div class=\"elementor-container elementor-column-gap-default\">\n\t\t\t\t\t<div class=\"elementor-column elementor-col-100 elementor-top-column elementor-element elementor-element-7ac11e9\" data-id=\"7ac11e9\" data-element_type=\"column\" data-e-type=\"column\">\n\t\t\t<div class=\"elementor-widget-wrap elementor-element-populated\">\n\t\t\t\t\t\t<div class=\"elementor-element elementor-element-e320082 elementor-widget-divider--view-line elementor-widget elementor-widget-divider\" data-id=\"e320082\" data-element_type=\"widget\" data-e-type=\"widget\" data-widget_type=\"divider.default\">\n\t\t\t\t<div class=\"elementor-widget-container\">\n\t\t\t\t\t\t\t<div class=\"elementor-divider\">\n\t\t\t<span class=\"elementor-divider-separator\">\n\t\t\t\t\t\t<\/span>\n\t\t<\/div>\n\t\t\t\t\t\t<\/div>\n\t\t\t\t<\/div>\n\t\t\t\t\t<\/div>\n\t\t<\/div>\n\t\t\t\t\t<\/div>\n\t\t<\/section>\n\t\t\t\t<section class=\"elementor-section elementor-top-section elementor-element elementor-element-bb1f164 elementor-section-boxed elementor-section-height-default elementor-section-height-default\" data-id=\"bb1f164\" data-element_type=\"section\" data-e-type=\"section\">\n\t\t\t\t\t\t<div class=\"elementor-container elementor-column-gap-default\">\n\t\t\t\t\t<div class=\"elementor-column elementor-col-100 elementor-top-column elementor-element elementor-element-159efc9\" data-id=\"159efc9\" data-element_type=\"column\" data-e-type=\"column\">\n\t\t\t<div class=\"elementor-widget-wrap elementor-element-populated\">\n\t\t\t\t\t\t<div class=\"elementor-element elementor-element-f3b9685 elementor-widget elementor-widget-text-editor\" data-id=\"f3b9685\" data-element_type=\"widget\" data-e-type=\"widget\" data-widget_type=\"text-editor.default\">\n\t\t\t\t<div class=\"elementor-widget-container\">\n\t\t\t\t\t\t\t\t\t<h3><strong><span style=\"color: #9c1006;\">Breve historia de Tamaya<\/span><\/strong><\/h3>\t\t\t\t\t\t\t\t<\/div>\n\t\t\t\t<\/div>\n\t\t\t\t\t<\/div>\n\t\t<\/div>\n\t\t\t\t\t<\/div>\n\t\t<\/section>\n\t\t\t\t<section class=\"elementor-section elementor-top-section elementor-element elementor-element-2444492 elementor-section-boxed elementor-section-height-default elementor-section-height-default\" data-id=\"2444492\" data-element_type=\"section\" data-e-type=\"section\">\n\t\t\t\t\t\t<div class=\"elementor-container elementor-column-gap-default\">\n\t\t\t\t\t<div class=\"elementor-column elementor-col-100 elementor-top-column elementor-element elementor-element-b8fc64a\" data-id=\"b8fc64a\" data-element_type=\"column\" data-e-type=\"column\">\n\t\t\t<div class=\"elementor-widget-wrap elementor-element-populated\">\n\t\t\t\t\t\t<div class=\"elementor-element elementor-element-b5d6bab elementor-widget elementor-widget-html\" data-id=\"b5d6bab\" data-element_type=\"widget\" data-e-type=\"widget\" data-widget_type=\"html.default\">\n\t\t\t\t<div class=\"elementor-widget-container\">\n\t\t\t\t\t<div style=\"width: 100%;\"><div style=\"position: relative; padding-bottom: 53.88%; padding-top: 0; height: 0;\"><iframe frameborder=\"0\" width=\"1199\" height=\"646\" style=\"position: absolute; top: 0; left: 0; width: 100%; height: 100%;\" src=\"https:\/\/view.genial.ly\/622a092fa2dca300111bee40\" type=\"text\/html\" allowscriptaccess=\"always\" allowfullscreen=\"true\" scrolling=\"yes\" allownetworking=\"all\"><\/iframe> <\/div> <\/div>\t\t\t\t<\/div>\n\t\t\t\t<\/div>\n\t\t\t\t\t<\/div>\n\t\t<\/div>\n\t\t\t\t\t<\/div>\n\t\t<\/section>\n\t\t<\/p>\n<div class=\"wp-block-columns is-layout-flex wp-container-core-columns-is-layout-9d6595d7 wp-block-columns-is-layout-flex\">\n<p><\/p>\n<div class=\"wp-block-column is-layout-flow wp-block-column-is-layout-flow\">\n<p><\/p>\n<div class=\"wp-block-image icon-style is-style-default\">\n<figure class=\"aligncenter size-large is-resized\"><a href=\"https:\/\/elpirquen.cl\/wp\/historia\/\"><img decoding=\"async\" class=\"wp-image-358\" src=\"https:\/\/elpirquen.cl\/wp\/wp-content\/uploads\/2021\/04\/historia_Mesa-de-trabajo-1.svg\" alt=\"\" width=\"150\" height=\"150\"><\/a><\/figure>\n<\/div>\n<p><\/p>\n<h3 class=\"has-text-align-center has-neve-text-color-color has-text-color wp-block-heading\"><a href=\"https:\/\/elpirquen.cl\/wp\/historia\/\" data-wplink-url-error=\"true\"><span style=\"color: #9c1006;\">Historia<\/span><\/a><\/h3>\n<p><\/p>\n<p class=\"has-text-align-center\"><span style=\"color: #000000;\">C\u00e1psulas con informaci\u00f3n hist\u00f3rica recopilada en a\u00f1os de investigaci\u00f3n en archivos locales, regionales y nacionales.<\/span><\/p>\n<p><\/p>\n<div class=\"wp-block-spacer\" style=\"height: 20px;\" aria-hidden=\"true\">&nbsp;<\/div>\n<p><\/p>\n<\/div>\n<p><\/p>\n<div class=\"wp-block-column is-layout-flow wp-block-column-is-layout-flow\">\n<p><\/p>\n<div class=\"wp-block-image icon-style is-style-default\">\n<figure class=\"aligncenter size-large is-resized\"><a href=\"https:\/\/elpirquen.cl\/wp\/imagenes\/\"><img loading=\"lazy\" decoding=\"async\" class=\"wp-image-359\" src=\"https:\/\/elpirquen.cl\/wp\/wp-content\/uploads\/2021\/04\/imagenes-02.svg\" alt=\"\" width=\"150\" height=\"150\"><\/a><\/figure>\n<\/div>\n<p><\/p>\n<h3 class=\"has-text-align-center has-neve-text-color-color has-text-color wp-block-heading\"><a href=\"https:\/\/elpirquen.cl\/wp\/imagenes\/\" data-wplink-url-error=\"true\"><span style=\"color: #9c1006;\">Im\u00e1genes<\/span><\/a><\/h3>\n<p><\/p>\n<p class=\"has-text-align-center\"><span style=\"color: #000000;\">Galer\u00edas con im\u00e1genes hist\u00f3ricas y actuales que dan cuenta de nuestro patrimonio, su pasado y estado de conservaci\u00f3n.<\/span><\/p>\n<p><\/p>\n<div class=\"wp-block-spacer\" style=\"height: 20px;\" aria-hidden=\"true\">&nbsp;<\/div>\n<p><\/p>\n<\/div>\n<p><!-- wp:column --><\/p>\n<div class=\"wp-block-column\">\n<p><!-- wp:image {\"align\":\"center\",\"id\":360,\"width\":150,\"height\":150,\"sizeSlug\":\"large\",\"linkDestination\":\"custom\",\"className\":\"icon-style is-style-default\"} --><\/p>\n<div class=\"wp-block-image icon-style is-style-default\">\n<figure class=\"aligncenter size-large is-resized\"><a href=\"https:\/\/elpirquen.cl\/wp\/documentos\/\"><img decoding=\"async\" class=\"wp-image-360\" src=\"https:\/\/elpirquen.cl\/wp\/wp-content\/uploads\/2021\/04\/Documentos-03.svg\" alt=\"\" width=\"150\" height=\"150\"><\/a><\/figure>\n<\/div>\n<p><!-- \/wp:image --><!-- wp:heading {\"level\":3,\"textColor\":\"neve-text-color\",\"className\":\"has-text-align-center\"} --><\/p>\n<h3 class=\"has-text-align-center has-neve-text-color-color has-text-color\"><a href=\"https:\/\/elpirquen.cl\/wp\/documentos\/\" data-wplink-url-error=\"true\"><span style=\"color: #9c1006;\">Documentos<\/span><\/a><\/h3>\n<p><!-- \/wp:heading --><!-- wp:paragraph {\"align\":\"center\"} --><\/p>\n<p class=\"has-text-align-center\"><span style=\"color: #000000;\">Archivos hist\u00f3ricos del siglo XIX y XX pertenecientes a distintos repositorios que construyen el pasado regional.<\/span><\/p>\n<\/div>\n<\/div>\n<p><!-- \/wp:cover --><\/p>\t\t\t\t\t\t\t\t<\/div>\n\t\t\t\t<\/div>\n\t\t\t\t\t<\/div>\n\t\t<\/div>\n\t\t\t\t\t<\/div>\n\t\t<\/section>\n\t\t\t\t<section class=\"elementor-section elementor-top-section elementor-element elementor-element-76b6037 elementor-section-boxed elementor-section-height-default elementor-section-height-default\" data-id=\"76b6037\" data-element_type=\"section\" data-e-type=\"section\">\n\t\t\t\t\t\t<div class=\"elementor-container elementor-column-gap-default\">\n\t\t\t\t\t<div class=\"elementor-column elementor-col-100 elementor-top-column elementor-element elementor-element-7ac11e9\" data-id=\"7ac11e9\" data-element_type=\"column\" data-e-type=\"column\">\n\t\t\t<div class=\"elementor-widget-wrap elementor-element-populated\">\n\t\t\t\t\t\t<div class=\"elementor-element elementor-element-e320082 elementor-widget-divider--view-line elementor-widget elementor-widget-divider\" data-id=\"e320082\" data-element_type=\"widget\" data-e-type=\"widget\" data-widget_type=\"divider.default\">\n\t\t\t\t<div class=\"elementor-widget-container\">\n\t\t\t\t\t\t\t<div class=\"elementor-divider\">\n\t\t\t<span class=\"elementor-divider-separator\">\n\t\t\t\t\t\t<\/span>\n\t\t<\/div>\n\t\t\t\t\t\t<\/div>\n\t\t\t\t<\/div>\n\t\t\t\t\t<\/div>\n\t\t<\/div>\n\t\t\t\t\t<\/div>\n\t\t<\/section>\n\t\t\t\t<section class=\"elementor-section elementor-top-section elementor-element elementor-element-bb1f164 elementor-section-boxed elementor-section-height-default elementor-section-height-default\" data-id=\"bb1f164\" data-element_type=\"section\" data-e-type=\"section\">\n\t\t\t\t\t\t<div class=\"elementor-container elementor-column-gap-default\">\n\t\t\t\t\t<div class=\"elementor-column elementor-col-100 elementor-top-column elementor-element elementor-element-159efc9\" data-id=\"159efc9\" data-element_type=\"column\" data-e-type=\"column\">\n\t\t\t<div class=\"elementor-widget-wrap elementor-element-populated\">\n\t\t\t\t\t\t<div class=\"elementor-element elementor-element-f3b9685 elementor-widget elementor-widget-text-editor\" data-id=\"f3b9685\" data-element_type=\"widget\" data-e-type=\"widget\" data-widget_type=\"text-editor.default\">\n\t\t\t\t<div class=\"elementor-widget-container\">\n\t\t\t\t\t\t\t\t\t<h3><strong><span style=\"color: #9c1006;\">Breve historia de Tamaya<\/span><\/strong><\/h3>\t\t\t\t\t\t\t\t<\/div>\n\t\t\t\t<\/div>\n\t\t\t\t\t<\/div>\n\t\t<\/div>\n\t\t\t\t\t<\/div>\n\t\t<\/section>\n\t\t\t\t<section class=\"elementor-section elementor-top-section elementor-element elementor-element-2444492 elementor-section-boxed elementor-section-height-default elementor-section-height-default\" data-id=\"2444492\" data-element_type=\"section\" data-e-type=\"section\">\n\t\t\t\t\t\t<div class=\"elementor-container elementor-column-gap-default\">\n\t\t\t\t\t<div class=\"elementor-column elementor-col-100 elementor-top-column elementor-element elementor-element-b8fc64a\" data-id=\"b8fc64a\" data-element_type=\"column\" data-e-type=\"column\">\n\t\t\t<div class=\"elementor-widget-wrap elementor-element-populated\">\n\t\t\t\t\t\t<div class=\"elementor-element elementor-element-b5d6bab elementor-widget elementor-widget-html\" data-id=\"b5d6bab\" data-element_type=\"widget\" data-e-type=\"widget\" data-widget_type=\"html.default\">\n\t\t\t\t<div class=\"elementor-widget-container\">\n\t\t\t\t\t<div style=\"width: 100%;\"><div style=\"position: relative; padding-bottom: 53.88%; padding-top: 0; height: 0;\"><iframe frameborder=\"0\" width=\"1199\" height=\"646\" style=\"position: absolute; top: 0; left: 0; width: 100%; height: 100%;\" src=\"https:\/\/view.genial.ly\/622a092fa2dca300111bee40\" type=\"text\/html\" allowscriptaccess=\"always\" allowfullscreen=\"true\" scrolling=\"yes\" allownetworking=\"all\"><\/iframe> <\/div> <\/div>\t\t\t\t<\/div>\n\t\t\t\t<\/div>\n\t\t\t\t\t<\/div>\n\t\t<\/div>\n\t\t\t\t\t<\/div>\n\t\t<\/section>\n\t\t\t\t<\/div>\n\t\t","protected":false},"excerpt":{"rendered":"<p>&nbsp; &nbsp; Este espacio est\u00e1 abierto a toda la comunidad y tiene por objetivo difundir el patrimonio material e inmaterial de la Regi\u00f3n de Coquimbo, con \u00e9nfasis en la Provincia del Limar\u00ed. Aqu\u00ed encontrar\u00e1s: Documentos Archivos hist\u00f3ricos del siglo XIX y XX pertenecientes a distintos repositorios que construyen el pasado regional. Historia C\u00e1psulas con informaci\u00f3n&hellip;&nbsp;<a href=\"https:\/\/elpirquen.cl\/wp\/\" rel=\"bookmark\">Leer m\u00e1s &raquo;<span class=\"screen-reader-text\">Inicio<\/span><\/a><\/p>\n","protected":false},"author":1,"featured_media":0,"parent":0,"menu_order":0,"comment_status":"closed","ping_status":"closed","template":"","meta":{"neve_meta_sidebar":"","neve_meta_container":"","neve_meta_enable_content_width":"on","neve_meta_content_width":100,"neve_meta_title_alignment":"","neve_meta_author_avatar":"","neve_post_elements_order":"","neve_meta_disable_header":"","neve_meta_disable_footer":"","neve_meta_disable_title":"on","footnotes":""},"class_list":["post-34","page","type-page","status-publish","hentry"],"_links":{"self":[{"href":"https:\/\/elpirquen.cl\/wp\/wp-json\/wp\/v2\/pages\/34","targetHints":{"allow":["GET"]}}],"collection":[{"href":"https:\/\/elpirquen.cl\/wp\/wp-json\/wp\/v2\/pages"}],"about":[{"href":"https:\/\/elpirquen.cl\/wp\/wp-json\/wp\/v2\/types\/page"}],"author":[{"embeddable":true,"href":"https:\/\/elpirquen.cl\/wp\/wp-json\/wp\/v2\/users\/1"}],"replies":[{"embeddable":true,"href":"https:\/\/elpirquen.cl\/wp\/wp-json\/wp\/v2\/comments?post=34"}],"version-history":[{"count":94,"href":"https:\/\/elpirquen.cl\/wp\/wp-json\/wp\/v2\/pages\/34\/revisions"}],"predecessor-version":[{"id":1305,"href":"https:\/\/elpirquen.cl\/wp\/wp-json\/wp\/v2\/pages\/34\/revisions\/1305"}],"wp:attachment":[{"href":"https:\/\/elpirquen.cl\/wp\/wp-json\/wp\/v2\/media?parent=34"}],"curies":[{"name":"wp","href":"https:\/\/api.w.org\/{rel}","templated":true}]}}